{"id":577,"date":"2025-01-03T05:49:54","date_gmt":"2025-01-03T04:49:54","guid":{"rendered":"https:\/\/veteau.fr\/?page_id=577"},"modified":"2025-04-14T12:33:38","modified_gmt":"2025-04-14T10:33:38","slug":"formation","status":"publish","type":"page","link":"https:\/\/veteau.fr\/en\/formation\/","title":{"rendered":"Training"},"content":{"rendered":"<div class=\"wpb-content-wrapper\"><div id=\"services\" class=\"vc_row vc-row-wrapper\" data-parallax_sense=\"30\" data-anchor=\"section-services\"><div class=\"wpb_row row\" >\n\t<div class=\"twelve columns vc-column-extra-class-69fb3d1d7dc37\" data-parallax_sense=\"30\">\n\t\t<div class=\"wpb_wrapper\">\n\t\t\t\n\t\t<\/div> <script type=\"text\/javascript\">(function($) {$(\"head\").append(\"<style>@media (max-width: 1279px) and (min-width: 1024px){.columns.vc-column-extra-class-69fb3d1d7dc37{padding-left: 30px !important;padding-right: 30px !important;}}@media (max-width: 1023px) and (min-width: 800px){.columns.vc-column-extra-class-69fb3d1d7dc37{padding-left: 30px !important;padding-right: 30px !important;}}@media (max-width: 799px){.columns.vc-column-extra-class-69fb3d1d7dc37{padding-left: 20px !important;padding-right: 20px !important;}}<\/style>\");})(jQuery);<\/script>\n\t<\/div> \n\t<div class=\"four columns vc-column-extra-class-69fb3d1d7dcc0 vc_custom_1735879910241\" data-parallax_sense=\"30\">\n\t\t<div class=\"wpb_wrapper\">\n\t\t\t<div class=\"dfd-spacer-module\"  data-units=\"px\" data-wide_resolution=\"1280\" data-wide_size=\"25\" data-normal_resolution=\"1024\" data-normal_size=\"25\" data-tablet_resolution=\"800\" data-tablet_size=\"25\" data-mobile_resolution=\"480\" data-mobile_size=\"25\" style=\"height: 25px;\"><\/div><div class=\"dfd-spacer-module\"  data-units=\"px\" data-wide_resolution=\"1280\" data-wide_size=\"25\" data-normal_resolution=\"1024\" data-normal_size=\"25\" data-tablet_resolution=\"800\" data-tablet_size=\"25\" data-mobile_resolution=\"480\" data-mobile_size=\"25\" style=\"height: 25px;\"><\/div><div id=\"dfd-single-image-module69fb3d1d7e04b-7541\" class=\"dfd-single-image-module  image-center  dfd-img-lazy-load\" ><img loading=\"lazy\" decoding=\"async\" src=\"data:image\/svg+xml;charset=utf-8,%3Csvg xmlns%3D'http%3A%2F%2Fwww.w3.org%2F2000%2Fsvg' viewBox%3D'0 0 1297 725'%2F%3E\" data-src=\"https:\/\/veteau.fr\/wp-content\/uploads\/2025\/01\/Presentation.png\" width=\"1297\" height=\"725\"  alt=\"Image module\" \/><\/div><div class=\"dfd-spacer-module\"  data-units=\"px\" data-wide_resolution=\"1280\" data-wide_size=\"25\" data-normal_resolution=\"1024\" data-normal_size=\"25\" data-tablet_resolution=\"800\" data-tablet_size=\"25\" data-mobile_resolution=\"480\" data-mobile_size=\"25\" style=\"height: 25px;\"><\/div><div class=\"dfd-spacer-module\"  data-units=\"px\" data-wide_resolution=\"1280\" data-wide_size=\"25\" data-normal_resolution=\"1024\" data-normal_size=\"25\" data-tablet_resolution=\"800\" data-tablet_size=\"25\" data-mobile_resolution=\"480\" data-mobile_size=\"25\" style=\"height: 25px;\"><\/div><div id=\"dfd-single-image-module69fb3d1d7e334-665\" class=\"dfd-single-image-module  image-center  dfd-img-lazy-load\" ><img loading=\"lazy\" decoding=\"async\" src=\"data:image\/svg+xml;charset=utf-8,%3Csvg xmlns%3D'http%3A%2F%2Fwww.w3.org%2F2000%2Fsvg' viewBox%3D'0 0 1008 675'%2F%3E\" data-src=\"https:\/\/veteau.fr\/wp-content\/uploads\/2025\/01\/presentation-echologia-1.png\" width=\"1008\" height=\"675\"  alt=\"Image module\" \/><\/div><div class=\"dfd-spacer-module\"  data-units=\"px\" data-wide_resolution=\"1280\" data-wide_size=\"25\" data-normal_resolution=\"1024\" data-normal_size=\"25\" data-tablet_resolution=\"800\" data-tablet_size=\"25\" data-mobile_resolution=\"480\" data-mobile_size=\"25\" style=\"height: 25px;\"><\/div><div class=\"dfd-spacer-module\"  data-units=\"px\" data-wide_resolution=\"1280\" data-wide_size=\"25\" data-normal_resolution=\"1024\" data-normal_size=\"25\" data-tablet_resolution=\"800\" data-tablet_size=\"25\" data-mobile_resolution=\"480\" data-mobile_size=\"25\" style=\"height: 25px;\"><\/div><div id=\"dfd-single-image-module69fb3d1d7e620-8058\" class=\"dfd-single-image-module  image-center  dfd-img-lazy-load\" ><img loading=\"lazy\" decoding=\"async\" src=\"data:image\/svg+xml;charset=utf-8,%3Csvg xmlns%3D'http%3A%2F%2Fwww.w3.org%2F2000%2Fsvg' viewBox%3D'0 0 1287 723'%2F%3E\" data-src=\"https:\/\/veteau.fr\/wp-content\/uploads\/2025\/01\/presentation-2.png\" width=\"1287\" height=\"723\"  alt=\"Image module\" \/><\/div><div class=\"dfd-spacer-module\"  data-units=\"px\" data-wide_resolution=\"1280\" data-wide_size=\"25\" data-normal_resolution=\"1024\" data-normal_size=\"25\" data-tablet_resolution=\"800\" data-tablet_size=\"25\" data-mobile_resolution=\"480\" data-mobile_size=\"25\" style=\"height: 25px;\"><\/div>\n\t\t<\/div> \n\t<\/div> \n\t<div class=\"eight columns vc-column-extra-class-69fb3d1d7e691\" data-parallax_sense=\"30\">\n\t\t<div class=\"wpb_wrapper\">\n\t\t\t<div class=\"dfd-spacer-module\"  data-units=\"px\" data-wide_resolution=\"1280\" data-wide_size=\"25\" data-normal_resolution=\"1024\" data-normal_size=\"25\" data-tablet_resolution=\"800\" data-tablet_size=\"25\" data-mobile_resolution=\"480\" data-mobile_size=\"25\" style=\"height: 25px;\"><\/div><div class=\"dfd-heading-shortcode\"><div class=\"dfd-heading-module-wrap  text-center style_01 cr-animate-gen dfd-heading-69fb3d1d7e71a dfd-disable-resposive-headings\" id=\"dfd-heading-69fb3d1d7e71a\" data-animate-type = \"transition.slideUpIn\" ><div class=\"inline-block\"><div class=\"dfd-heading-module\"><h4 class=\"widget-title dfd-title\" style=\"color: #008fd5 !important; \"><\/p>\n<h3 class=\"widget-title dfd-title\">Trainning<\/h3>\n<p><\/h4><\/div><\/div><\/div><script type=\"text\/javascript\">\r\n\t\t\t\t\t\t\t\t\t(function($) {\r\n\t\t\t\t\t\t\t\t\t\t$(\"head\").append(\"<style>.dfd-heading-69fb3d1d7e71a.dfd-heading-module-wrap .dfd-heading-module .dfd-heading-delimiter {margin-top:10px;margin-bottom:10px;}@media (max-width: 799px){.dfd-heading-69fb3d1d7e71a .dfd-title{font-size: 38px !important;line-height: 60px !important;}}@media only screen and (max-width: 799px) {.dfd-heading-69fb3d1d7e71a {text-align: center;}}<\/style>\");\r\n\t\t\t\t\t\t\t\t\t})(jQuery);\r\n\t\t\t\t\t\t\t\t<\/script><\/div><div class=\"dfd-spacer-module\"  data-units=\"px\" data-wide_resolution=\"1280\" data-wide_size=\"25\" data-normal_resolution=\"1024\" data-normal_size=\"25\" data-tablet_resolution=\"800\" data-tablet_size=\"25\" data-mobile_resolution=\"480\" data-mobile_size=\"25\" style=\"height: 25px;\"><\/div><div class=\"vc-row-wrapper vc_inner vc_row-fluid dfd-inner-row-69fb3d1d7e7e4\"><div class=\"row wpb_row\"><div class=\"dfd-enable-custom-column-effect vc-column-hover-69fb3d1d7e8b8 columns six vc_custom_1735879933166\"><div class=\"wpb_wrapper\">\n\t<div class=\"wpb_text_column wpb_content_element\" >\n\t\t<div class=\"wpb_wrapper\">\n\t\t\t<p>Thanks to our years of experience in aquaculture, our multidisciplinary team offers customized training courses on a wide range of topics related to fish health, such as:<\/p>\n<ul>\n<li>Biosecurity and prophylaxis<\/li>\n<li>Fish pathology<\/li>\n<li>Sampling methods for diagnosis<\/li>\n<li>Risk management related to handling &amp; use of veterinary products in fish farming<\/li>\n<li>Vaccination in aquaculture<\/li>\n<li>And more<\/li>\n<\/ul>\n\n\t\t<\/div> \n\t<\/div> <div id=\"dfd-single-image-module69fb3d1d7ec60-6333\" class=\"dfd-single-image-module  image-center  dfd-img-lazy-load\" ><img loading=\"lazy\" decoding=\"async\" src=\"data:image\/svg+xml;charset=utf-8,%3Csvg xmlns%3D'http%3A%2F%2Fwww.w3.org%2F2000%2Fsvg' viewBox%3D'0 0 2290 2190'%2F%3E\" data-src=\"https:\/\/veteau.fr\/wp-content\/uploads\/2025\/01\/ALain-EAFP-conference_Sept-2023_2-1-e1737527804651.jpg\" width=\"2290\" height=\"2190\"  alt=\"Image module\" \/><\/div><\/div><script type=\"text\/javascript\">(function($) {$(\"head\").append(\"<style>.vc-column-hover-69fb3d1d7e8b8 {-webkit-box-shadow: none;-moz-box-shadow: none;-o-box-shadow: none;box-shadow: none;}.vc-column-hover-69fb3d1d7e8b8:hover {-webkit-box-shadow: none;-moz-box-shadow: none;-o-box-shadow: none;box-shadow: none; z-index: 1;}<\/style>\");})(jQuery);<\/script><\/div><div class=\"dfd-enable-custom-column-effect vc-column-hover-69fb3d1d7ecb1 columns six vc_custom_1735879942388\"><div class=\"wpb_wrapper\">\n\t<div class=\"wpb_text_column wpb_content_element\" >\n\t\t<div class=\"wpb_wrapper\">\n\t\t\t<p>We offer training courses on-site, in conferences, via video conferencing, or in workshops.<\/p>\n<p>Feel free to contact us - we will do our best to meet your specific needs.<\/p>\n<p>Some teaching locations:<\/p>\n<ul>\n<li>Ghent University.<\/li>\n<li>ONIRIS, National Veterinary School of Nantes.<\/li>\n<li>WVEPAH (World Veterinary Education for Production Animal Health, partner of WOAH and Univ. Montr\u00e9al) (online courses).<\/li>\n<li>Purpan Engineering School.<\/li>\n<li>Desta Mez.<\/li>\n<li>ENITA of Bordeaux.<\/li>\n<li>World Aquaculture Society (WAS) meeting in New Orl\u00e9ans (USA)<\/li>\n<\/ul>\n\n\t\t<\/div> \n\t<\/div> <div id=\"dfd-single-image-module69fb3d1d7efeb-2455\" class=\"dfd-single-image-module  image-center  dfd-img-lazy-load\" ><img loading=\"lazy\" decoding=\"async\" src=\"data:image\/svg+xml;charset=utf-8,%3Csvg xmlns%3D'http%3A%2F%2Fwww.w3.org%2F2000%2Fsvg' viewBox%3D'0 0 600 486'%2F%3E\" data-src=\"https:\/\/veteau.fr\/wp-content\/uploads\/2025\/04\/1742315219492.jpeg\" width=\"600\" height=\"486\"  alt=\"Image module\" \/><\/div><\/div><script type=\"text\/javascript\">(function($) {$(\"head\").append(\"<style>.vc-column-hover-69fb3d1d7ecb1 {-webkit-box-shadow: none;-moz-box-shadow: none;-o-box-shadow: none;box-shadow: none;}.vc-column-hover-69fb3d1d7ecb1:hover {-webkit-box-shadow: none;-moz-box-shadow: none;-o-box-shadow: none;box-shadow: none; z-index: 1;}<\/style>\");})(jQuery);<\/script><\/div><\/div><\/div><div class=\"dfd-spacer-module\"  data-units=\"px\" data-wide_resolution=\"1280\" data-wide_size=\"105\" data-normal_resolution=\"1024\" data-normal_size=\"105\" data-tablet_resolution=\"800\" data-tablet_size=\"105\" data-mobile_resolution=\"480\" data-mobile_size=\"105\" style=\"height: 105px;\"><\/div>\n\t<div class=\"wpb_text_column wpb_content_element  cr-animate-gen\" data-animate-type = \"transition.slideUpIn\" >\n\t\t<div class=\"wpb_wrapper\">\n\t\t\t<p style=\"text-align: center;\">Accredited Trainer: N\u00b0 73 31 05232 31<\/p>\n<p style=\"text-align: center;\">CIR Approved<\/p>\n\n\t\t<\/div> \n\t<\/div> \n\t\t<\/div> \n\t<\/div> \n\t<div class=\"twelve columns vc-column-extra-class-69fb3d1d7f0c7\" data-parallax_sense=\"30\">\n\t\t<div class=\"wpb_wrapper\">\n\t\t\t<div class=\"dfd-spacer-module\"  data-units=\"px\" data-wide_resolution=\"1280\" data-wide_size=\"105\" data-normal_resolution=\"1024\" data-normal_size=\"105\" data-tablet_resolution=\"800\" data-tablet_size=\"105\" data-mobile_resolution=\"480\" data-mobile_size=\"105\" style=\"height: 105px;\"><\/div><div class=\"dfd-heading-shortcode\"><div class=\"dfd-heading-module-wrap  text-center style_01 cr-animate-gen dfd-heading-69fb3d1d7f13c dfd-disable-resposive-headings\" id=\"dfd-heading-69fb3d1d7f13c\" data-animate-type = \"transition.slideUpIn\" ><div class=\"inline-block\"><div class=\"dfd-heading-module\"><h4 class=\"widget-title dfd-title\" style=\"color: #008fd5 !important; \"><\/p>\n<h3 class=\"widget-title dfd-title\">Thesis supervision<\/h3>\n<p><\/h4><\/div><\/div><\/div><script type=\"text\/javascript\">\r\n\t\t\t\t\t\t\t\t\t(function($) {\r\n\t\t\t\t\t\t\t\t\t\t$(\"head\").append(\"<style>.dfd-heading-69fb3d1d7f13c.dfd-heading-module-wrap .dfd-heading-module .dfd-heading-delimiter {margin-top:10px;margin-bottom:10px;}@media (max-width: 799px){.dfd-heading-69fb3d1d7f13c .dfd-title{font-size: 38px !important;line-height: 60px !important;}}@media only screen and (max-width: 799px) {.dfd-heading-69fb3d1d7f13c {text-align: center;}}<\/style>\");\r\n\t\t\t\t\t\t\t\t\t})(jQuery);\r\n\t\t\t\t\t\t\t\t<\/script><\/div>\n\t<div class=\"wpb_text_column wpb_content_element\" >\n\t\t<div class=\"wpb_wrapper\">\n\t\t\t<p><strong>Vet\u2019eau welcomes you for the completion of your thesis:<\/strong><\/p>\n<p>Laudato, B. (2021) <em>In vitro<\/em> toxicity testing of Cinnamaldehyde and Nifencol\u00ae (Florfenicol) on Manila Clam (<em>Ruditapes philippinarum<\/em>) and Pacific Oyster (<em>Crassostrea gigas<\/em>) larvae. Internship report Master of Science in Aquaculture, Faculty of Bioscience Engineering, University of Ghent (Belgium). Project supervisors: Prof. dr. ir. Peter Bossier (University of Ghent), <strong>Alain Le Breton<\/strong>, DVM PhD (Vet\u2019eau) et <strong>Sara Picon-Camacho<\/strong>, MsC PhD (Vet\u2019eau).<\/p>\n<p>Mokhtari, Latifa. (2024) \u00c9tude des mesures prophylactiques non-m\u00e9dicales utilis\u00e9es en aquaculture par une enqu\u00eate et un essai <em>In vivo<\/em> en laboratoire. M\u00e9moire de stage Master 1 Biodiversit\u00e9, \u00e9cologie, Evolution parcours man and biosph\u00e8re. Universit\u00e9 Toulouse III Paul Sabatier. Stage supervisors: Alice Roth &amp; Frederic Santoul (Universit\u00e9 Toulouse III Paul Sabatier) et <strong>Sara Picon-Camacho,<\/strong> MsC PhD (Vet\u2019eau).<\/p>\n\n\t\t<\/div> \n\t<\/div> <div class=\"dfd-spacer-module\"  data-units=\"px\" data-wide_resolution=\"1280\" data-wide_size=\"105\" data-normal_resolution=\"1024\" data-normal_size=\"105\" data-tablet_resolution=\"800\" data-tablet_size=\"105\" data-mobile_resolution=\"480\" data-mobile_size=\"105\" style=\"height: 105px;\"><\/div><div class=\"dfd-spacer-module\"  data-units=\"px\" data-wide_resolution=\"1280\" data-wide_size=\"105\" data-normal_resolution=\"1024\" data-normal_size=\"105\" data-tablet_resolution=\"800\" data-tablet_size=\"105\" data-mobile_resolution=\"480\" data-mobile_size=\"105\" style=\"height: 105px;\"><\/div><div class=\"dfd-spacer-module\"  data-units=\"px\" data-wide_resolution=\"1280\" data-wide_size=\"105\" data-normal_resolution=\"1024\" data-normal_size=\"105\" data-tablet_resolution=\"800\" data-tablet_size=\"105\" data-mobile_resolution=\"480\" data-mobile_size=\"105\" style=\"height: 105px;\"><\/div>\n\t\t<\/div> \n\t<\/div> <\/div><\/div>\n<\/div>","protected":false},"excerpt":{"rendered":"Votre formation sur mesure ! Fort de notre exp\u00e9rience acquise au fil des ann\u00e9es, notre \u00e9quipe pluridisciplinaire vous propose des cours et des formations sur mesure dans un large \u00e9ventail","protected":false},"author":1,"featured_media":14,"parent":0,"menu_order":0,"comment_status":"closed","ping_status":"open","template":"page-custom-with-header.php","meta":{"footnotes":""},"class_list":["post-577","page","type-page","status-publish","has-post-thumbnail","hentry"],"_links":{"self":[{"href":"https:\/\/veteau.fr\/en\/wp-json\/wp\/v2\/pages\/577","targetHints":{"allow":["GET"]}}],"collection":[{"href":"https:\/\/veteau.fr\/en\/wp-json\/wp\/v2\/pages"}],"about":[{"href":"https:\/\/veteau.fr\/en\/wp-json\/wp\/v2\/types\/page"}],"author":[{"embeddable":true,"href":"https:\/\/veteau.fr\/en\/wp-json\/wp\/v2\/users\/1"}],"replies":[{"embeddable":true,"href":"https:\/\/veteau.fr\/en\/wp-json\/wp\/v2\/comments?post=577"}],"version-history":[{"count":5,"href":"https:\/\/veteau.fr\/en\/wp-json\/wp\/v2\/pages\/577\/revisions"}],"predecessor-version":[{"id":811,"href":"https:\/\/veteau.fr\/en\/wp-json\/wp\/v2\/pages\/577\/revisions\/811"}],"wp:featuredmedia":[{"embeddable":true,"href":"https:\/\/veteau.fr\/en\/wp-json\/wp\/v2\/media\/14"}],"wp:attachment":[{"href":"https:\/\/veteau.fr\/en\/wp-json\/wp\/v2\/media?parent=577"}],"curies":[{"name":"wp","href":"https:\/\/api.w.org\/{rel}","templated":true}]}}