{"id":457,"date":"2024-12-03T06:36:51","date_gmt":"2024-12-03T05:36:51","guid":{"rendered":"https:\/\/veteau.fr\/?page_id=457"},"modified":"2025-01-22T03:22:55","modified_gmt":"2025-01-22T02:22:55","slug":"contact","status":"publish","type":"page","link":"https:\/\/veteau.fr\/en\/contact\/","title":{"rendered":"Contact"},"content":{"rendered":"<div class=\"wpb-content-wrapper\"><div id=\"contact\" class=\"vc_row vc-row-wrapper custom-responcive-footer-row vc-row-responsive-69fb4826d84bd\" data-parallax_sense=\"30\" data-anchor=\"section-contact\"><div class=\"wpb_row row\" style=\"z-index: 1;\">\n\t<div class=\"twelve footercontact columns vc-column-extra-class-69fb4826d88c5 dfd-enable-custom-column-effect vc_custom_1733209009869\" data-parallax_sense=\"30\">\n\t\t<div class=\"wpb_wrapper\">\n\t\t\t<div class=\"vc-row-wrapper vc_inner vc_row-fluid dfd-inner-row-69fb4826d8ad9\"><div class=\"row wpb_row\"><div class=\"dfd-enable-custom-column-effect vc-column-hover-69fb4826d8dc9 columns six dfd_col-tabletop-6 dfd_col-laptop-6 dfd_col-mobile-12 vc_custom_1733205598973\"><div class=\"wpb_wrapper\"><div class=\"dfd-spacer-module\"  data-units=\"px\" data-wide_resolution=\"1280\" data-wide_size=\"10\" data-normal_resolution=\"1024\" data-normal_size=\"10\" data-tablet_resolution=\"800\" data-tablet_size=\"10\" data-mobile_resolution=\"480\" data-mobile_size=\"10\" style=\"height: 10px;\"><\/div>\n\t<div class=\"wpb_raw_code wpb_raw_html wpb_content_element\" >\n\t\t<div class=\"wpb_wrapper\">\n\t\t\t<iframe src=\"https:\/\/www.google.com\/maps\/embed?pb=!1m14!1m8!1m3!1d2880783.2635928416!2d0.5487073276367349!3d45.161485297085214!3m2!1i1024!2i768!4f13.1!3m3!1m2!1s0x12aea996fecbb76d%3A0x5c202702c89a46af!2sVet&#39;eau!5e0!3m2!1sfr!2sfr!4v1735879339182!5m2!1sfr!2sfr\" width=\"100%\" height=\"770px\" style=\"border:0;  border-radius: 70px;\" allowfullscreen=\"\" loading=\"lazy\" referrerpolicy=\"no-referrer-when-downgrade\"><\/iframe>\n\t\t<\/div>\n\t<\/div>\n<\/div><script type=\"text\/javascript\">(function($) {$(\"head\").append(\"<style>.vc-column-hover-69fb4826d8dc9 {-webkit-box-shadow: none;-moz-box-shadow: none;-o-box-shadow: none;box-shadow: none;}.vc-column-hover-69fb4826d8dc9:hover {-webkit-box-shadow: none;-moz-box-shadow: none;-o-box-shadow: none;box-shadow: none; z-index: 1;}<\/style>\");})(jQuery);<\/script><\/div><div class=\"dfd_col-tablet-21 dfd-enable-custom-column-effect vc-column-hover-69fb4826d92d9 vc-column-responsive-69fb4826d92e5 columns six dfd_col-tabletop-6 dfd_col-laptop-6 dfd_col-mobile-12 vc_custom_1733206124528\"><div class=\"wpb_wrapper\"><div class=\"dfd-spacer-module\"  data-units=\"px\" data-wide_resolution=\"1280\" data-wide_size=\"85\" data-normal_resolution=\"1024\" data-normal_size=\"85\" data-tablet_resolution=\"800\" data-tablet_size=\"85\" data-mobile_resolution=\"480\" data-mobile_size=\"85\" style=\"height: 85px;\"><\/div><div class=\"dfd-heading-shortcode\"><div class=\"dfd-heading-module-wrap  text-left style_01 cr-animate-gen dfd-heading-69fb4826d9366 dfd-disable-resposive-headings\" id=\"dfd-heading-69fb4826d9366\" data-animate-type = \"transition.slideUpIn\" ><div class=\"inline-block\"><div class=\"dfd-heading-module\"><h3 class=\"widget-title dfd-title \" style=\"font-size: 40px; line-height: 60px; \"><span style=\"color: #008fd5;\">Contactez-nous<\/span> !<\/h3><\/div><\/div><\/div><script type=\"text\/javascript\">\r\n\t\t\t\t\t\t\t\t\t(function($) {\r\n\t\t\t\t\t\t\t\t\t\t$(\"head\").append(\"<style>.dfd-heading-69fb4826d9366.dfd-heading-module-wrap .dfd-heading-module .dfd-heading-delimiter {margin-top:10px;margin-bottom:10px;}@media (max-width: 799px){.dfd-heading-69fb4826d9366 .dfd-title{font-size: 32px !important;line-height: 50px !important;}}<\/style>\");\r\n\t\t\t\t\t\t\t\t\t})(jQuery);\r\n\t\t\t\t\t\t\t\t<\/script><\/div><div class=\"dfd-spacer-module\"  data-units=\"px\" data-wide_resolution=\"1280\" data-wide_size=\"25\" data-normal_resolution=\"1024\" data-normal_size=\"25\" data-tablet_resolution=\"800\" data-tablet_size=\"25\" data-mobile_resolution=\"480\" data-mobile_size=\"25\" style=\"height: 25px;\"><\/div><script type=\"text\/javascript\">\r\n\t(function($){\r\n\t\ttry {\r\n\t\t\tglobal_dfd.init($)\r\n\t\t\tdfdreCaptcha.el = [\r\n\t\t\t];\r\n\t\t\tdfdreCaptcha.widgets = [\r\n\t\t\t];\r\n\t\t\tdfdreCaptcha.show();\r\n\r\n\t\t\t$('form.wpcf7-form select').dropkick();\r\n\t\t} catch(e) {\r\n\t\t}\r\n\t\t$('head').append('<style type=\"text\/css\">#cf_69fb4826d9801 .form_button .dfd-cf-border-decoration {border-radius:35px;}#cf_69fb4826d9801 .border-right {border-right: none !important;}#cf_69fb4826d9801 .border-bottom {border-bottom: inherit;}#cf_69fb4826d9801 .border-right {border-right-style: solid;}#cf_69fb4826d9801 .border-bottom {border-bottom-style: solid;}#cf_69fb4826d9801 .border-right {border-right-color: #e8e8e8;}#cf_69fb4826d9801 .border-bottom {border-bottom-color: #e8e8e8;}#cf_69fb4826d9801 .dfd-contact-form-style-1 .border-bottom {border: none;}#cf_69fb4826d9801 .form_button {padding-top: 30px;}#cf_69fb4826d9801 .form_button .cssload-spin-box {margin-top: 49px;}#cf_69fb4826d9801 .dfd-cf-border-decoration {top: 30px;}#cf_69fb4826d9801 p:not(.form_button) {margin-bottom: 40px;}#cf_69fb4826d9801 .dfd-contact-form-style-1 textarea {border:transparent;padding-left: 0px;}#cf_69fb4826d9801 .dfd-contact-form-style-1 .box {margin-bottom: 11px;}#cf_69fb4826d9801 .dfd-contact-form-style-compact p.last {margin-bottom: 0px;} #cf_69fb4826d9801 .dfd-half-size {width:50%;}#cf_69fb4826d9801 .padding-left {padding-right: 10px;}#cf_69fb4826d9801 .padding-right {padding-left: 10px;}#cf_69fb4826d9801 .padding-center {padding:0 10px;}#cf_69fb4826d9801 .dfd-contact-form-style-1 .right-border {background: #e8e8e8;z-index: 34;}#cf_69fb4826d9801 .dfd-contact-form-style-1 .top-border {background: #e8e8e8;z-index: 34;}#cf_69fb4826d9801 .dfd-contact-form-style-1 .left-border {background: #e8e8e8;z-index: 34;}#cf_69fb4826d9801 span.wpcf7-form-control-wrap span:not(&quot;.req_text&quot;) {color:#565656;min-height:54px;height:54px;display: table;vertical-align: middle;width: 100%;}#cf_69fb4826d9801 span.wpcf7-form-control-wrap .label_text span:last-child {display: block;margin-top: 5px;}#cf_69fb4826d9801 .dfd-contact-form-style-compact .margin-left-1 .checkboxgroup {left: -px;bottom: -px;border-left: px solid #e8e8e8;}#cf_69fb4826d9801 .dfd-contact-form-style-1 .wpcf7-form-control-wrap {border-bottom: 1px solid #e8e8e8;}#cf_69fb4826d9801 .container {;width: 100%;}#cf_69fb4826d9801 input, #cf_69fb4826d9801 textarea {font-size: px;}#cf_69fb4826d9801 .dfd-contact-form-style-compact .checkboxgroup {padding-left: 15px;}#cf_69fb4826d9801 .checkboxgroup {display: table-cell;vertical-align: middle;height: 49px;position: relative;}#cf_69fb4826d9801 .checkbox input[type=\\'checkbox\\'] {margin-right: 28px;min-height: 49px;}#cf_69fb4826d9801 .checkbox input[type=\\'checkbox\\']:before {}#cf_69fb4826d9801 .checkbox input[type=\\'radio\\'] {margin-right: 15px;min-height: 44px;}#cf_69fb4826d9801 .checkbox input {border:none;background: none !important;}#cf_69fb4826d9801 .checkbox {display: inline-table;vertical-align: middle;padding-right: 12px;} .checkbox input {top: 0px;}#cf_69fb4826d9801 .checkbox .c_value {display: table-cell;height:49px;vertical-align: middle;}#cf_69fb4826d9801 .checkbox .c_value label {height:49px;display: table-cell;vertical-align: middle;font-weight: inherit;}#cf_69fb4826d9801 .border-left {border-left-style: solid;border-left-width: px;border-left-color: #e8e8e8;}#cf_69fb4826d9801 .border-top {border-top-style: solid;border-top-width: px;border-top-color: #e8e8e8;}#cf_69fb4826d9801 p input, #cf_69fb4826d9801 p textarea {border:none;margin-bottom: 0px;border-width: 1px;background-color: rgba(255,255,255,0);border-radius: 0px;position :relative;color:#565656;border-color: #e8e8e8;z-index:0;min-height: 49px;}#cf_69fb4826d9801.preset1 .label_text label:first-child {font-family:Poppins;}#cf_69fb4826d9801 .checkbox span {font-weight: 400;}#cf_69fb4826d9801 ::-webkit-input-placeholder, #cf_69fb4826d9801 ::placeholder {font-family:Poppins;}#cf_69fb4826d9801 :-moz-placeholder {font-family:Poppins;}#cf_69fb4826d9801 :focus::-webkit-input-placeholder {color: transparent;}:focus:-moz-placeholder { color: transparent; }\u200b:focus::-moz-placeholder { color: transparent; }\u200b:focus:-ms-input-placeholder { color: transparent; }#cf_69fb4826d9801 input[type=&quot;checkbox&quot;] {float: none;top: inherit;}#cf_69fb4826d9801 .radio_el {text-align: center;width: 100%;display: block;}#cf_69fb4826d9801 .radio_el label {margin-right: 8px;}#cf_69fb4826d9801iframe {margin: 0 auto;display: block;}#cf_69fb4826d9801.captcha div {width: 100% !important;}#cf_69fb4826d9801.reloadCap {margin: 0 auto;display: block;text-align: center;cursor: pointer;color: rgb(152, 155, 168);transition: color 0.4s;display: block;}#cf_69fb4826d9801 p span.reloadCap:hover {color: rgb(39, 40, 42);cursor: pointer;}.checkbox input {float: left;}#cf_69fb4826d9801 .wpcf7-submit {float:left;line-height: 0;width: 100%;text-align: center;margin-top: 0px;font-weight: 400;padding: 15px 20px 15px 20px;background-color: #008fd5;transition: all 0.4s;color: #ffffff;height: 48px;text-transform:uppercase;font-size:16px;letter-spacing:0px;border-width:0px;border-color:#008fd5;border-style:solid;border-radius:35px;style=&quot;&quot;height: 70px !important;line-height: 70px;padding-top: 0;padding-bottom: 0;}#cf_69fb4826d9801 input:hover.wpcf7-submit {background-color: #00d5b7;color: #ffffff;border-color:#00d5b7;}#cf_69fb4826d9801 .dk-selected {border:none;position: relative;background-color: rgba(255,255,255,0);border-radius: 0px;border-color: #e8e8e8;border-width: 1px;}#cf_69fb4826d9801 .dk_container {border:none;position: relative;z-index: 1;background-color: rgba(255,255,255,0);margin-bottom: 0px;vertical-align: middle;display: table-cell !important;border-radius: 0px;margin-top: 0px;width: 100%;}#cf_69fb4826d9801 .dk_container a,#cf_69fb4826d9801 .dk-select a {}#cf_69fb4826d9801 .dk_container .dk_toggle {height: 47px;line-height: 21px;color:#565656;}#cf_69fb4826d9801 img.ajax-loader {float: right;top: 19px;right: 5px;position: absolute;z-index: 59;border: none !important;} #cf_69fb4826d9801 .wpcf7-response-output {margin: 0;}#cf_69fb4826d9801 .recaptcha {margin-top: 6px;}<\/style>');\r\n\t})(jQuery);\r\n<\/script>\r\n\r\n\t\t<div class=\"wpb_wrapper cr-animate-gen \" data-animate-type = \"transition.slideUpIn\" >\r\n\t\t\t<div class=\"wpcf7\">\r\n\t\t\t\t<div class=\"\">\r\n\t\t\t\t\t<form action=\"\" method=\"post\" id=\"cf_69fb4826d9801\" class=\"wpcf7-form dfd_contact_form preset3  hover_style_input2_simple  cf_69fb4826d9801\" >\r\n\t\t\t\t\t\t<div class=\"container\">\r\n\t\t\t\t\t\t\t\t\t\t\t\t\t\t<div class=\"dfd-contact-form-style-1\">\r\n\t\t\t\t\t\t\t\t\r\n<input type='hidden' name='template' value='forms_08'><input type='hidden' name='formid' value='69fb4826d9801'><input type=\"hidden\" id=\"dfd_nonce_69fb4826d9801\" name=\"dfd_nonce_69fb4826d9801\" value=\"e63ba48d61\" \/><input type=\"hidden\" name=\"_wp_http_referer\" value=\"\/en\/wp-json\/wp\/v2\/pages\/457\" \/>\r\n<div class=\"\">\r\n    <p class=\"border-bottom\">\r\n        <span class=\"wpcf7-form-control-wrap\">\r\n            <input type=\"text\" name=\"text_name-1\" value=\"\"  placeholder=\"Votre nom\" ><span class=\"right-border\"><\/span><span class=\"top-border\"><\/span><span class=\"left-border\"><\/span>\r\n        <\/span>\r\n    <\/p>   \r\n    <div class=\"clear\"><\/div>\r\n\r\n    <p class=\"border-bottom\">\r\n        <span class=\"wpcf7-form-control-wrap\">\r\n            <input type=\"text\" name=\"text_name-2\" value=\"\"  placeholder=\"T\u00e9l\u00e9phone\" ><span class=\"right-border\"><\/span><span class=\"top-border\"><\/span><span class=\"left-border\"><\/span>\r\n        <\/span>\r\n    <\/p> \r\n    <div class=\"clear\"><\/div>\r\n\r\n    <p class=\"border-bottom\">\r\n        <span class=\"wpcf7-form-control-wrap\">\r\n            <input type=\"text\" name=\"email-3\" value=\"\"  placeholder=\"E-mail\" ><span class=\"right-border\"><\/span><span class=\"top-border\"><\/span><span class=\"left-border\"><\/span>\r\n        <\/span>\r\n    <\/p> \r\n    <div class=\"clear\"><\/div>\r\n\r\n    <p class=\"border-bottom\">\r\n        <span class=\"wpcf7-form-control-wrap\">\r\n            <textarea  rows=\"10\"  name=\"textarea_name-4\"  placeholder=\"Message\" ><\/textarea><span class=\"right-border\"><\/span><span class=\"top-border\"><\/span><span class=\"left-border\"><\/span>\r\n        <\/span>\r\n    <\/p> \r\n    <div class=\"clear\"><\/div>\r\n\r\n    <p class=\"border-bottom\">\r\n        <span class=\"wpcf7-form-control-wrap\">\r\n            \r\n        <\/span>\r\n    <\/p> \r\n    <div class=\"clear\"><\/div>\r\n\r\n    <p class=\"border-bottom last\">\r\n        <span class=\"wpcf7-form-control-wrap\">\r\n            \r\n        <\/span>\r\n    <\/p> \r\n    <div class=\"clear\"><\/div>\r\n\r\n<\/div>\r\n\r\n\r\n\r\n\r\n\t\t\t\t<p class=\"dfd-half-size form_button\" style=\"\">\r\n\t\t\t\t\t\t<input type=\"submit\" value=\"Envoyer\" class=\"wpcf7-submit\">\r\n\t\t<\/p>\r\n\t\t<div class=\"clear\"><\/div>\r\n\t\t\t\t\t\t\t\t\t<\/div>\r\n\t\t\t\t\t\t<\/div>\r\n\t\t\t\t\t\t\t\t\t\t\t\t\t\t\t\t<div class=\"wpcf7-response-output wpcf7-display-none wpcf7-validation-errors\"><\/div>\r\n\t\t\t\t\t<\/form>\r\n\t\t\t\t<\/div>\r\n\t\t\t<\/div>\r\n\t\t<\/div>\r\n\t\t<div class=\"dfd-spacer-module\"  data-units=\"px\" data-wide_resolution=\"1280\" data-wide_size=\"0\" data-normal_resolution=\"1024\" data-normal_size=\"0\" data-tablet_resolution=\"800\" data-tablet_size=\"80\" data-mobile_resolution=\"480\" data-mobile_size=\"80\" style=\"height: 0px;\"><\/div><\/div><script type=\"text\/javascript\">(function($) {$(\"head\").append(\"<style>.vc-column-hover-69fb4826d92d9 {-webkit-box-shadow: none;-moz-box-shadow: none;-o-box-shadow: none;box-shadow: none;}.vc-column-hover-69fb4826d92d9:hover {-webkit-box-shadow: none;-moz-box-shadow: none;-o-box-shadow: none;box-shadow: none; z-index: 1;}@media (max-width: 1279px) and (min-width: 1024px){.columns.vc-column-responsive-69fb4826d92e5{padding-left: 20px !important;padding-right: 40px !important;}}@media (max-width: 1023px) and (min-width: 800px){.columns.vc-column-responsive-69fb4826d92e5{padding-left: 40px !important;padding-right: 40px !important;}}@media (max-width: 799px){.columns.vc-column-responsive-69fb4826d92e5{padding-left: 30px !important;padding-right: 30px !important;}}<\/style>\");})(jQuery);<\/script><\/div><\/div><\/div>\n\t\t<\/div> <script type=\"text\/javascript\">(function($) {$(\"head\").append(\"<style>.vc-column-extra-class-69fb4826d88c5 {-webkit-box-shadow: 0px 15px 50px 0px rgba(0,0,0,0.15);-moz-box-shadow: 0px 15px 50px 0px rgba(0,0,0,0.15);-o-box-shadow: 0px 15px 50px 0px rgba(0,0,0,0.15);box-shadow: 0px 15px 50px 0px rgba(0,0,0,0.15);}.vc-column-extra-class-69fb4826d88c5:hover {-webkit-box-shadow: 0px 15px 50px 0px rgba(0,0,0,0.15);-moz-box-shadow: 0px 15px 50px 0px rgba(0,0,0,0.15);-o-box-shadow: 0px 15px 50px 0px rgba(0,0,0,0.15);box-shadow: 0px 15px 50px 0px rgba(0,0,0,0.15); z-index: 1;}<\/style>\");})(jQuery);<\/script>\n\t<\/div> \n\t<div class=\"twelve columns vc-column-extra-class-69fb4826d9f12\" data-parallax_sense=\"30\">\n\t\t<div class=\"wpb_wrapper\">\n\t\t\t<div class=\"vc-row-wrapper vc_inner vc_row-fluid dfd-inner-row-69fb4826d9f9c\"><div class=\"row wpb_row\"><div class=\"vc-column-hover-69fb4826da016 columns six\"><div class=\"wpb_wrapper\"><\/div><\/div><div class=\"vc-column-hover-69fb4826da056 columns six\"><div class=\"wpb_wrapper\"><\/div><\/div><\/div><\/div><div class=\"dfd-spacer-module\"  data-units=\"px\" data-wide_resolution=\"1280\" data-wide_size=\"105\" data-normal_resolution=\"1024\" data-normal_size=\"105\" data-tablet_resolution=\"800\" data-tablet_size=\"105\" data-mobile_resolution=\"480\" data-mobile_size=\"105\" style=\"height: 105px;\"><\/div>\n\t\t<\/div> \n\t<\/div> \n\t<div class=\"four columns vc-column-extra-class-69fb4826da0c5\" data-parallax_sense=\"30\">\n\t\t<div class=\"wpb_wrapper\">\n\t\t\t<div id=\"dfd-single-image-module69fb4826da566-4589\" class=\"dfd-single-image-module  image-right  dfd-img-lazy-load\" ><img loading=\"lazy\" decoding=\"async\" src=\"data:image\/svg+xml;charset=utf-8,%3Csvg xmlns%3D'http%3A%2F%2Fwww.w3.org%2F2000%2Fsvg' viewBox%3D'0 0 300 238'%2F%3E\" data-src=\"https:\/\/veteau.fr\/wp-content\/uploads\/2024\/06\/logo_veteau-300x238.png\" width=\"300\" height=\"238\"  alt=\"Image module\" \/><\/div>\n\t\t<\/div> \n\t<\/div> \n\t<div class=\"eight columns vc-column-extra-class-69fb4826da5cd\" data-parallax_sense=\"30\">\n\t\t<div class=\"wpb_wrapper\">\n\t\t\t<div class=\"vc-row-wrapper vc_inner vc_row-fluid dfd-inner-row-69fb4826da65c\"><div class=\"row wpb_row\"><div class=\"vc-column-hover-69fb4826da6b4 columns two\"><div class=\"wpb_wrapper\"><\/div><\/div><div class=\"vc-column-hover-69fb4826da6f4 columns ten\"><div class=\"wpb_wrapper\">\n\t<div class=\"wpb_text_column wpb_content_element  cr-animate-gen\" data-animate-type = \"transition.slideUpIn\" >\n\t\t<div class=\"wpb_wrapper\">\n\t\t\t<p>Dans un souci de respect des contraintes environnementales le cabinet <strong>Vet\u2019eau<\/strong> d\u00e9veloppe des solutions innovantes en mati\u00e8re de revalorisation des d\u00e9chets mais \u00e9galement dans l\u2019am\u00e9lioration continue de la bios\u00e9curit\u00e9 des sites de production.<br \/>\nNotre \u00e9quipe de professionnels motiv\u00e9s et comp\u00e9tents dans ces diff\u00e9rents domaines nous permet de pouvoir r\u00e9pondre de mani\u00e8res efficace et rapide aux probl\u00e9matiques rencontr\u00e9es en aquaculture et d\u2019anticiper les solutions de demain.<\/p>\n\n\t\t<\/div> \n\t<\/div> <\/div><\/div><\/div><\/div>\n\t\t<\/div> \n\t<\/div> \n\t<div class=\"twelve columns vc-column-extra-class-69fb4826da933\" data-parallax_sense=\"30\">\n\t\t<div class=\"wpb_wrapper\">\n\t\t\t<div class=\"dfd-spacer-module\"  data-units=\"px\" data-wide_resolution=\"1280\" data-wide_size=\"25\" data-normal_resolution=\"1024\" data-normal_size=\"25\" data-tablet_resolution=\"800\" data-tablet_size=\"25\" data-mobile_resolution=\"480\" data-mobile_size=\"25\" style=\"height: 25px;\"><\/div>\n\t\t<\/div> \n\t<\/div> \n\t<div class=\"four dfd_col-tabletop-4 dfd_col-laptop-5 dfd_col-mobile-12 dfd_col-tablet-12 columns vc-column-extra-class-69fb4826da9b5\" data-parallax_sense=\"30\">\n\t\t<div class=\"wpb_wrapper\">\n\t\t\t<div class=\"dfd-heading-shortcode\"><div class=\"dfd-heading-module-wrap dfd_col-tablet-12 text-left style_01 dfd-heading-69fb4826daa16 dfd-disable-resposive-headings\" id=\"dfd-heading-69fb4826daa16\" ><div class=\"inline-block\"><div class=\"dfd-heading-module\"><div class=\"widget-title dfd-title block-title\" style=\"font-family:Montserrat; font-size: 13px; line-height: 42px; \">\u00a9 Studio Thil &#8211; Comm-STL | Cr\u00e9dit photo Comm-STL<\/div><\/div><\/div><\/div><script type=\"text\/javascript\">\r\n\t\t\t\t\t\t\t\t\t(function($) {\r\n\t\t\t\t\t\t\t\t\t\t$(\"head\").append(\"<style>.dfd-heading-69fb4826daa16.dfd-heading-module-wrap .dfd-heading-module .dfd-heading-delimiter {margin-top:10px;margin-bottom:10px;}@media only screen and (max-width: 1023px) {.dfd-heading-69fb4826daa16 {text-align: center;}}<\/style>\");\r\n\t\t\t\t\t\t\t\t\t})(jQuery);\r\n\t\t\t\t\t\t\t\t<\/script><\/div>\n\t\t<\/div> <script type=\"text\/javascript\">(function($) {$(\"head\").append(\"<style>@media (max-width: 1279px) and (min-width: 1024px){.columns.vc-column-extra-class-69fb4826da9b5{padding-left: 0px !important;}}<\/style>\");})(jQuery);<\/script>\n\t<\/div> \n\t<div class=\"four dfd_col-tabletop-4 dfd_col-laptop-4 dfd_col-mobile-12 dfd_vc_hidden-xs dfd_col-tablet-12 columns vc-column-extra-class-69fb4826daa95\" data-parallax_sense=\"30\">\n\t\t<div class=\"wpb_wrapper\">\n\t\t\t<div class=\"dfd-heading-shortcode\"><div class=\"dfd-heading-module-wrap custom-link-hover text-center style_01 dfd-heading-69fb4826daad8 dfd-disable-resposive-headings\" id=\"dfd-heading-69fb4826daad8\" ><div class=\"inline-block\"><div class=\"dfd-heading-module\"><div class=\"widget-title dfd-title block-title\" style=\"font-family:Montserrat; font-weight:400; font-style:normal; font-size: 13px; line-height: 42px; \"><span style=\"padding-left: 30px;\"><a href=\"https:\/\/veteau.fr\/?page_id=3&amp;preview=true\">Mentions l\u00e9gales<\/a><\/span> <\/div><\/div><\/div><\/div><script type=\"text\/javascript\">\r\n\t\t\t\t\t\t\t\t\t(function($) {\r\n\t\t\t\t\t\t\t\t\t\t$(\"head\").append(\"<style>.dfd-heading-69fb4826daad8.dfd-heading-module-wrap .dfd-heading-module .dfd-heading-delimiter {margin-top:10px;margin-bottom:10px;}@media only screen and (max-width: 1023px) {.dfd-heading-69fb4826daad8 {text-align: center;}}<\/style>\");\r\n\t\t\t\t\t\t\t\t\t})(jQuery);\r\n\t\t\t\t\t\t\t\t<\/script><\/div>\n\t\t<\/div> \n\t<\/div> \n\t<div class=\"four dfd_col-tabletop-4 dfd_col-laptop-3 dfd_col-mobile-12 dfd_col-tablet-12 columns vc-column-extra-class-69fb4826dab42\" data-parallax_sense=\"30\">\n\t\t<div class=\"wpb_wrapper\">\n\t\t\t<div id=\"dfd-soc-icon-69fb4826dab9c-143\" class=\"dfd-new-soc-icon text-right style-2 top_to_bottom   \" ><div class=\"soc-icon-container clearfix\"><a href=\"https:\/\/www.facebook.com\/profile.php?id=100057109224106\"  target=\"_blank\"  class=\"soc_icon-facebook\"><i class=\"soc_icon-facebook\"><\/i><\/a><a href=\"https:\/\/www.instagram.com\/veteau31\/\" title=\"Instagram\" target=\"_blank\"  class=\"soc_icon-instagram\"><i class=\"soc_icon-instagram\"><\/i><\/a><a href=\"https:\/\/www.linkedin.com\/company\/veteau\/\" title=\"Instagram\" target=\"_blank\"  class=\"soc_icon-linkedin\"><i class=\"soc_icon-linkedin\"><\/i><\/a><\/div><\/div><script type=\"text\/javascript\">\r\n\t\t\t\t\t\t\t(function($) {\r\n\t\t\t\t\t\t\t\t$(\"head\").append(\"<style>#dfd-soc-icon-69fb4826dab9c-143.dfd-new-soc-icon.style-2 a:hover {color: #ffffff;}#dfd-soc-icon-69fb4826dab9c-143.dfd-new-soc-icon a {font-size: 14px; }#dfd-soc-icon-69fb4826dab9c-143.dfd-new-soc-icon a:before {}#dfd-soc-icon-69fb4826dab9c-143.dfd-new-soc-icon a i {}<\/style>\");\r\n\t\t\t\t\t\t\t})(jQuery);\r\n\t\t\t\t\t\t<\/script>\n\t\t<\/div> <script type=\"text\/javascript\">(function($) {$(\"head\").append(\"<style>@media (max-width: 1279px) and (min-width: 1024px){.columns.vc-column-extra-class-69fb4826dab42{padding-right: 0px !important;}}<\/style>\");})(jQuery);<\/script>\n\t<\/div> \n\t<div class=\"twelve columns vc-column-extra-class-69fb4826dac17\" data-parallax_sense=\"30\">\n\t\t<div class=\"wpb_wrapper\">\n\t\t\t<div class=\"dfd-spacer-module\"  data-units=\"px\" data-wide_resolution=\"1280\" data-wide_size=\"30\" data-normal_resolution=\"1024\" data-normal_size=\"30\" data-tablet_resolution=\"800\" data-tablet_size=\"30\" data-mobile_resolution=\"480\" data-mobile_size=\"30\" style=\"height: 30px;\"><\/div>\n\t\t<\/div> \n\t<\/div> <\/div><div class=\"dfd-row-bg-wrapper-cover\"><div class=\"dfd-row-bg-wrap dfd-row-bg-image dfd_simple_image dfd-bg-lazy-load\" id=\"dfd-image-bg-69fb4826dadd4\"  data-bg-img=\"https:\/\/veteau.fr\/wp-content\/uploads\/2024\/11\/veterinaire-poisson-pisciculture-1-2.jpg\" data-mobile_enable=\"1\"><\/div><\/div><div class=\"dfd-row-bg-overlay\" style=\"background-color: #008FD5;opacity: 0.8;\"><\/div><script type=\"text\/javascript\">(function($) {$(\"head\").append(\"<style>#dfd-image-bg-69fb4826dadd4 {background-repeat: repeat;background-size: cover;background-attachment: scroll;}@media (max-width: 1279px) and (min-width: 1024px){.vc-row-wrapper.vc-row-responsive-69fb4826d84bd{padding-left: 30px !important;padding-right: 30px !important;}}@media (max-width: 1023px) and (min-width: 800px){.vc-row-wrapper.vc-row-responsive-69fb4826d84bd{padding-left: 30px !important;padding-right: 30px !important;}}@media (max-width: 799px){.vc-row-wrapper.vc-row-responsive-69fb4826d84bd{padding-left: 20px !important;padding-right: 20px !important;}}<\/style>\");})(jQuery);<\/script><\/div>\n<\/div>","protected":false},"excerpt":{"rendered":"Contactez-nous ! Dans un souci de respect des contraintes environnementales le cabinet Vet\u2019eau d\u00e9veloppe des solutions innovantes en mati\u00e8re de revalorisation des d\u00e9chets mais \u00e9galement dans l\u2019am\u00e9lioration continue de la","protected":false},"author":1,"featured_media":0,"parent":0,"menu_order":0,"comment_status":"closed","ping_status":"closed","template":"","meta":{"footnotes":""},"class_list":["post-457","page","type-page","status-publish","hentry"],"_links":{"self":[{"href":"https:\/\/veteau.fr\/en\/wp-json\/wp\/v2\/pages\/457","targetHints":{"allow":["GET"]}}],"collection":[{"href":"https:\/\/veteau.fr\/en\/wp-json\/wp\/v2\/pages"}],"about":[{"href":"https:\/\/veteau.fr\/en\/wp-json\/wp\/v2\/types\/page"}],"author":[{"embeddable":true,"href":"https:\/\/veteau.fr\/en\/wp-json\/wp\/v2\/users\/1"}],"replies":[{"embeddable":true,"href":"https:\/\/veteau.fr\/en\/wp-json\/wp\/v2\/comments?post=457"}],"version-history":[{"count":5,"href":"https:\/\/veteau.fr\/en\/wp-json\/wp\/v2\/pages\/457\/revisions"}],"predecessor-version":[{"id":771,"href":"https:\/\/veteau.fr\/en\/wp-json\/wp\/v2\/pages\/457\/revisions\/771"}],"wp:attachment":[{"href":"https:\/\/veteau.fr\/en\/wp-json\/wp\/v2\/media?parent=457"}],"curies":[{"name":"wp","href":"https:\/\/api.w.org\/{rel}","templated":true}]}}