{"id":453,"date":"2024-12-03T06:22:33","date_gmt":"2024-12-03T05:22:33","guid":{"rendered":"https:\/\/veteau.fr\/?page_id=453"},"modified":"2025-01-20T10:42:17","modified_gmt":"2025-01-20T09:42:17","slug":"publications","status":"publish","type":"page","link":"http:\/\/veteau.fr\/en\/publications\/","title":{"rendered":"Publications"},"content":{"rendered":"<div class=\"wpb-content-wrapper\"><div  class=\"vc_row vc-row-wrapper vc_custom_1733220698485\" data-parallax_sense=\"30\"><div class=\"wpb_row row\" >\n\t<div class=\"twelve columns vc-column-extra-class-69de9b977179d\" data-parallax_sense=\"30\">\n\t\t<div class=\"wpb_wrapper\">\n\t\t\t\n\t<div class=\"wpb_text_column wpb_content_element\" >\n\t\t<div class=\"wpb_wrapper\">\n\t\t\t<h4 style=\"text-align: center;\"><b>Scientific publications <img loading=\"lazy\" decoding=\"async\" class=\"size-thumbnail wp-image-759 alignright\" src=\"http:\/\/veteau.fr\/wp-content\/uploads\/2025\/01\/Image5-150x150.png\" alt=\"\" width=\"150\" height=\"150\" \/><\/b><\/h4>\n<p><strong>Le Breton, A.<\/strong>\u00a0&amp;\u00a0<strong>Picon Camacho, S<\/strong>.\u00a0(2024) Technical guidelines on implementing biosecurity at the farm level in the United Arab Emirates. FAO Fisheries and\u00a0Aquaculture Circular. FAO Sub-Regional Office for the Gulf Cooperation Council States and Yemen, Abu Dhabi, United Arab Emirates (English and Arabic version) (in-press).<\/p>\n<p>&nbsp;<\/p>\n<p><img loading=\"lazy\" decoding=\"async\" class=\"size-thumbnail wp-image-765 alignleft\" src=\"http:\/\/veteau.fr\/wp-content\/uploads\/2025\/01\/Image1-150x150.png\" alt=\"\" width=\"150\" height=\"150\" srcset=\"http:\/\/veteau.fr\/wp-content\/uploads\/2025\/01\/Image1-150x150.png 150w, http:\/\/veteau.fr\/wp-content\/uploads\/2025\/01\/Image1-11x12.png 11w\" sizes=\"auto, (max-width: 150px) 100vw, 150px\" \/>Margarida Gomes\u00a0Leandro, M.,\u00a0Zornu, J.,\u00a0<strong>Le Breton, A.,<\/strong>\u00a0Ch\u00e9rif, N.,\u00a0Basurco, B.,\u00a0Furones, D.,\u00a0Muniesa, A.,\u00a0Toffan, A., Dalla\u00a0Pozza, M.,\u00a0Franzago, E.,\u00a0Zrn\u010di\u0107, S.,\u00a0Varvarigos, P.\u00a0,\u00a0 Saleh, H., Cagirgan, H.,\u00a0 Dverdal\u00a0Jansen, M.,\u00a0 Brun, E.,\u00a0 Tavornpanich, S. (2024) Quantification of biosecurity measures in Mediterranean European seabass and gilthead sea bream farms. Aquaculture, 741898 (Full text available: <a href=\"https:\/\/doi.org\/10.1016\/j.aquaculture.2024.741898\">https:\/\/doi.org\/10.1016\/j.aquaculture.2024.741898<\/a>)<\/p>\n<p>Smith, P., Le Devendec, L., Jouy, E., Larvor, E., Verner-Jeffreys, D., Wokorac Joseph, A., Stanton, E., Light, E., Cortinovis, L., Tobia Pretto, Manfrin, A., Boitard, P.M., Jamin, M., Keck, N.,\u00a0<strong>Le Breton, A.<\/strong>, Thuillier, B., Ravaille, C., Baron, S. (2024) Epidemiological cut-off values for\u00a0<em>Yersinia\u00a0ruckeri<\/em>\u00a0disc diffusion data generated by a standarised method. Diseases of Aquatic Organisms, 158: 21-25 (Full text available:\u00a0<a href=\"https:\/\/doi.org\/10.3354\/dao03779\">https:\/\/doi.org\/10.3354\/dao03779<\/a>).<\/p>\n<p>Smith, P., Le Devendec, L., Jouy, E., Larvor, E.,\u00a0<strong>Le Breton, A.<\/strong>, <strong>Picon-Camacho, S.<\/strong>,\u00a0Zrn\u010di\u0107, S., Zupi\u010di\u0107, I.G., Orai\u0107, D., Karatas, S., Verner-Jeffreys, D., Joseph, A., Light, E., van Essen-Zandbergen, A., Van Gelderen, B., Voorbergen-Laarman, M., Haenen, O.L.M., Veldman, K.T., Madsen, L., Mouritsen, K., Smith Svanevik, C., H\u00e5konsholm, F., Isabel Vela, A., Garc\u00eda, M. Florio, D., Fioravanti, M., Cortinovis, L., Manfrin, A. Baron, S. (2023) Epidemiological cut-off values for\u00a0<em>Vibrio\u00a0anguillarum<\/em>\u00a0MIC and disc diffusion data generated by standard methods. Diseases of Aquatic Organisms, 155: 109-123 (Full text available:\u00a0<a href=\"https:\/\/doi.org\/10.3354\/dao03745\">https:\/\/doi.org\/10.3354\/dao03745<\/a><u>)<\/u>.<\/p>\n<p>Smith, P., Cortinovis, L., Pretto, T., Manfrin, A., Florio, D., Fioravanti, M., Baron, S., Le Devendec, L., Jouy, E.,\u00a0<strong>Le Breton, A., Picon-Camacho, S.,\u00a0<\/strong>Zupi\u010di\u0107, I.G., Orai\u0107, D., Zrn\u010di\u0107, S. (2023) Setting epidemiological cut-off values relevant to MIC data for\u00a0<em>Vibrio\u00a0harveyi<\/em>\u00a0generated by a standardised microdilution method. Diseases of Aquatic Organisms, 155: 35-42. (Full text<\/p>\n<p><img loading=\"lazy\" decoding=\"async\" class=\"size-thumbnail wp-image-766 alignright\" src=\"http:\/\/veteau.fr\/wp-content\/uploads\/2025\/01\/Image4-150x150.png\" alt=\"\" width=\"150\" height=\"150\" \/><\/p>\n<p>available:\u00a0<a href=\"https:\/\/doi.org\/10.3354\/dao03740\">https:\/\/doi.org\/10.3354\/dao03740<\/a>).<\/p>\n<p>Louboutin, L., Dheilly, N. M., Cabon, J.,\u00a0<strong>Picon Camacho, S.<\/strong>,\u00a0Leroux, A., Lucas, P.,\u00a0<strong>Le Breton, A<\/strong>., Blanchard, Y., Morin, T. (2022) Characterization of a novel picornavirus isolated from\u00a0moribund gilthead seabream (Sparus\u00a0aurata) larvae. Journal of Fish Diseases, 45(5): 706-716. (Abstract available:\u00a0<a href=\"https:\/\/doi.org\/10.1111\/jfd.13596\">https:\/\/doi.org\/10.1111\/jfd.13596<\/a>)<\/p>\n<p>Fernandez-Sanchez, J.L.,\u00a0<strong>Le Breton, A<\/strong>., Brun, E., Vendramin, N., Spiliopoulos, G., Furones, D., Basurco, B. (2022) Assessing the economic impact of diseases in Mediterranean grow-out culturing European sea bass. Aquaculture 547: 737530. (Full text available<u>:\u00a0<\/u><a href=\"https:\/\/doi.org\/10.1016\/j.aquaculture.2021.737530\">https:\/\/doi.org\/10.1016\/j.aquaculture.2021.7<\/a><a href=\"https:\/\/doi.org\/10.1016\/j.aquaculture.2021.737530\">37530<\/a>)<\/p>\n<p>Baron, S., Larvor, E., Jouy, E., Kempf, I., Lebouquin, S., Chauvin, C., Boitard, P.M., Jamin, M.,\u00a0<strong>Le Breton, A.<\/strong>,\u00a0Thuillier, B., Smith, P. (2021) Agreement between the categorisation of isolates of\u00a0<em>Aeromonas\u00a0salmonicida<\/em>\u00a0and\u00a0<em>Yersinia\u00a0ruckeri<\/em>\u00a0by disc diffusion and minimal inhibitory concentration (MIC) tests performed at 22\u00b0C. Journal of Fish Diseases, 44 (7): 979-985. (Full text available:\u00a0<a href=\"https:\/\/onlinelibrary.wiley.com\/doi\/epdf\/10.1111\/jfd.13356\">https:\/\/onlinelibrary.wiley.com\/doi\/epdf\/10.1111\/jfd.13356<\/a>).<\/p>\n<p>Vincent, A.T<strong>.<\/strong>,<strong>\u00a0Le Breton, A.<\/strong>,\u00a0Bernatchez, A., Gagn\u00e9-Thivierge, C., Paquet, V.E., Thibault, E., Charette, S.J., Gantelet, H. (2019) Draft Genome Sequences of <em>Aeromonas\u00a0salmonicida<\/em>\u00a0subsp.\u00a0<em>achromogenes<\/em> isolated from Senegalese Sole. Microbiology Resource Announcements. Volume 8, Issue 33: e00631-19. (Full text:\u00a0<a href=\"https:\/\/pubmed.ncbi.nlm.nih.gov\/31416869\/\">https:\/\/pubmed.ncbi.nlm.nih.gov\/31416869\/<\/a><u>)<\/u><\/p>\n<p>Fleurance, R., Sauvegrain, C., Marques, A.,\u00a0<strong>Le Breton, A<\/strong>.,\u00a0Guereaud, C., Cherel, Y., Wyers, M. (2008) Histopathological changes caused by\u00a0<em>Enteromyxum\u00a0leei<\/em>\u00a0infection in farmed sea bream\u00a0(<em>Sparus\u00a0aurata<\/em>). Diseases of Aquatic Organisms, 79(3): 219-228. DOI: 10.3354\/dao01832. (Full text available:\u00a0<a href=\"https:\/\/www.int-res.com\/articles\/dao2007\/79\/d079p219.pdf\">https:\/\/www.int-res.com\/articles\/dao2007\/79\/d079p219.pdf<\/a><u>)<\/u><\/p>\n<p>Jublanc, E., Elkiric, N., Toubiana, M., Sri Widada, J.,\u00a0<strong>Le Breton, A<\/strong>.,\u00a0Lefebvre, G., Sauvegrain, C., Marques, A. (2005) Observation on a\u00a0<em>Enteromyxum\u00a0leei<\/em>\u00a0(Myxozoa Myxosporea) parasitosis on farming sea bream (Sparus\u00a0aurata) The Journal of Eukaryotic Microbiology, 52(2): 28S-34S. (Abstract available:\u00a0<a href=\"https:\/\/onlinelibrary.wiley.com\/doi\/abs\/10.1111\/j.1550-7408.2005.05202003_3_19.x\">https:\/\/onlinelibrary.wiley.com\/doi\/abs\/10.1111\/j.1550-7408.2005.05202003_3_19.x<\/a>)<\/p>\n<p><strong>Le Breton, A.D.<\/strong> (2004) Applicability PCR for monitoring of <em>Enteromyxum leei<\/em> an epidemiological survey. European Aquaculture Society Special Publication, 34: 639-640.<\/p>\n<p><strong>Le Breton, A.D.<\/strong> (1999) Mediterranean finfish pathologies: Present status and new developments in prophylactic methods. Bulletin of European Association of Fish Pathologists, 19(6): 250-253. (Full text available:\u00a0<a href=\"https:\/\/eafp.org\/download\/1999-Volume19\/Issue%206\/19%206%20250-253.pdf\">https:\/\/eafp.org\/download\/1999-Volume19\/Issue%206\/19%206%20250-253.pdf<\/a>)<\/p>\n<p><strong>Le Breton, A., <\/strong>Grisez, L., Sweetman, J., Ollevier, F. (1997) Viral Nervous Necrosis (VNN) associated with mass mortalities in cage reared sea bass\u00a0<em>Dicentrachus\u00a0labrax<\/em>\u00a0(L.) Journal of Fish diseases, 20 (2): 145-151. (Abstract available:\u00a0<a href=\"https:\/\/onlinelibrary.wiley.com\/doi\/abs\/10.1046\/j.1365-2761.1997.00284.x\">https:\/\/onlinelibrary.wiley.com\/doi\/abs\/10.1046\/j.1365-2761.1997.00284.x<\/a>)<\/p>\n<p>Rizzo, C. &amp;<strong>\u00a0Le Breton, A.\u00a0<\/strong>(1997) The impact of Aquaculture on the water quality of Maltese waters: a one-year study. Journal of the Maltese Chamber of Scientists, 2 (1), 21-26. (Full text available:\u00a0<a href=\"https:\/\/issuu.com\/maltachamberofscientists\/docs\/xjenza_vol._2_issue_1_-_1997\">https:\/\/issuu.com\/maltachamberofscientists\/docs\/xjenza_vol._2_issue_1_-_1997<\/a><strong>)<\/strong><\/p>\n<p><strong>Le Breton, A.\u00a0<\/strong>&amp; Marques, A. (1996) Occurrence of a new histozoic microsporidian in cultured gilthead sea bream (<em>Sparus aurata<\/em>). Bulletin of European Association of Fish Pathologists, 15(6): 210.<\/p>\n<p>Tarer, V., Sakiti, N.,<strong>\u00a0Le Breton, A<\/strong>.,\u00a0Marques, A. (1996) <em>Myxidium leei<\/em> myxosporidie pathog\u00e8ne chez les Sparid\u00e9s en aquacultur<\/p>\n<p>e en M\u00e9diterran\u00e9e. Ichthyophysiol. Acta 19: 127 \u2013 139.<\/p>\n<p><strong>Le Breton, A<\/strong>.\u00a0&amp; Marques, A. (1995) Occurrence of a\u00a0<em>Myxidium\u00a0leei<\/em>\u00a0in two marine cultured species:\u00a0<em>Puntazzo\u00a0puntazzo<\/em>\u00a0and\u00a0<em>Pagrus\u00a0major<\/em>. Bulletin of European Association of Fish Pathologists, 15(6): 210 -212.<\/p>\n<p><strong>Le Breton, A.D.\u00a0(<\/strong>1994) Elevage de poissons marins en M\u00e9diterran\u00e9e: technique d\u2019\u00e9levage, situation actuelle et perspective. Receuil de Med. Vet., 170 (2-3) 121-128.<\/p>\n\n\t\t<\/div> \n\t<\/div> <div class=\"dfd-spacer-module\"  data-units=\"px\" data-wide_resolution=\"1280\" data-wide_size=\"105\" data-normal_resolution=\"1024\" data-normal_size=\"105\" data-tablet_resolution=\"800\" data-tablet_size=\"105\" data-mobile_resolution=\"480\" data-mobile_size=\"105\" style=\"height: 105px;\"><\/div>\n\t<div class=\"wpb_text_column wpb_content_element\" >\n\t\t<div class=\"wpb_wrapper\">\n\t\t\t<h4 style=\"text-align: center;\"><b>Book <\/b><b>chapters<\/b><\/h4>\n<p><strong><img loading=\"lazy\" decoding=\"async\" class=\"size-thumbnail wp-image-763 alignleft\" src=\"http:\/\/veteau.fr\/wp-content\/uploads\/2025\/01\/Image3-150x150.png\" alt=\"\" width=\"150\" height=\"150\" srcset=\"http:\/\/veteau.fr\/wp-content\/uploads\/2025\/01\/Image3-150x150.png 150w, http:\/\/veteau.fr\/wp-content\/uploads\/2025\/01\/Image3-11x12.png 11w\" sizes=\"auto, (max-width: 150px) 100vw, 150px\" \/>Le Breton, A.<\/strong>\u00a0(2020) Part II. General requirements for the laboratory methods. 5. Laboratory requirements for bacterial diseases. In: Zrn\u010di\u0107 S. (ed.). Diagnostic Manual for the main pathogens in European seabass and Gilthead seabream aquaculture. Zaragoza: CIHEAM, 2020. 172 p. (Options M\u00e9diterran\u00e9ennes: S\u00e9rie B. Etudes et Recherches; n. 75). (Full text available:\u00a0<a href=\"http:\/\/om.ciheam.org\/om\/pdf\/b75\/b75.pdf\">http:\/\/om.ciheam.org\/om\/pdf\/b75\/b75.pdf<\/a>)<\/p>\n<p><strong>Le Breton, A.<\/strong>\u00a0(2020) Part IV. Bacterial diseases with impact on sea bass and sea bream farming. 13. Mycobacterium group. In: Zrn\u010di\u0107 S. (ed.). Diagnostic Manual for the main pathogens in European seabass and Gilthead seabream aquaculture. Zaragoza : CIHEAM, 2020. 172 p. (Options M\u00e9diterran\u00e9ennes: S\u00e9rie B. Etudes et Recherches; n. 75). (Full text available:\u00a0<a href=\"http:\/\/om.ciheam.org\/om\/pdf\/b75\/b75.pdf\">http:\/\/om.ciheam.org\/om\/pdf\/b75\/b75.pdf<\/a>)<\/p>\n<p><strong>Le Breton, A.\u00a0<\/strong>(2020) Part IV. Bacterial diseases with impact on sea bass and sea bream farming. 8. <em>Tenacibaculum<\/em> group. In: Zrn\u010di\u0107 S. (ed.). Diagnostic Manual for the main pathogens in European seabass and Gilthead seabream aquaculture. Zaragoza: CIHEAM, 2020. 172 p. (Options M\u00e9diterran\u00e9ennes: S\u00e9rie B. Etudes et Recherches; n. 75). (Full text available:<u>\u00a0<\/u><a href=\"http:\/\/om.ciheam.org\/om\/pdf\/b75\/b75.pdf\">http:\/\/om.ciheam.org\/om\/pdf\/b75\/b75.pdf<\/a><u>)<\/u><\/p>\n<p><strong>Le Breton, A.D.<\/strong> (2009) Vaccines in Mediterranean aquaculture: practice and needs. In: Rogers C. (ed.), Basurco B. (ed.). The use of veterinary drugs and vaccines in Mediterranean aquaculture. Zaragoza : CIHEAM, 2009. p. 147-154 (Options M\u00e9diterran\u00e9ennes : S\u00e9rie A. S\u00e9minaires M\u00e9diterran\u00e9ens; n. 86) (Full text available:\u00a0<a href=\"https:\/\/om.ciheam.org\/om\/pdf\/a86\/00801068.pdf\">https:\/\/om.ciheam.org\/om\/pdf\/a86\/00801068.pdf<\/a>)<\/p>\n<p>Guide to Antimicrobial Use in Animals (2008) Co-auteur du Chapitre 12 sur l\u2019 Aquaculture\u2019 \u2013 Editeurs Luca Guardabassi, Lars B. Jensen et Hilde Kruse.<\/p>\n<p>Lautraite A.,\u00a0<strong>Le Breton A.<\/strong>\u00a0(2004) Guide des bonnes pratiques sanitaires en \u00e9levages piscicoles. Guide financ\u00e9 par l\u2019Europe, le minist\u00e8re de l\u2019Agriculture, P\u00eache et Aquaculture, CIPA, UNPSA, OFIMER. Diffusion par le CIPA.<\/p>\n\n\t\t<\/div> \n\t<\/div> <div class=\"dfd-spacer-module\"  data-units=\"px\" data-wide_resolution=\"1280\" data-wide_size=\"105\" data-normal_resolution=\"1024\" data-normal_size=\"105\" data-tablet_resolution=\"800\" data-tablet_size=\"105\" data-mobile_resolution=\"480\" data-mobile_size=\"105\" style=\"height: 105px;\"><\/div>\n\t<div class=\"wpb_text_column wpb_content_element\" >\n\t\t<div class=\"wpb_wrapper\">\n\t\t\t<h4 style=\"text-align: center;\">International conferences<\/h4>\n<p><img loading=\"lazy\" decoding=\"async\" class=\"size-thumbnail wp-image-761 alignleft\" src=\"http:\/\/veteau.fr\/wp-content\/uploads\/2025\/01\/Image2-150x150.png\" alt=\"\" width=\"150\" height=\"150\" \/>Gotz, D., Leclercq, E., <strong>Le Breton, A<\/strong>., Castex, M., &amp; <strong>Picon-Camacho, S.M.<\/strong> Growth-Inhibition effect of Phaeobacter inhibens against various strain of Vibrio harveyi isolated from marine aquaculture species. European Aquaculture Association (EAS) meeting, Rimini (Italy). 27th -30th September 2022. ePoster presentation.<\/p>\n<p>Marie, A., Maolic, P.Y., Bourgeois, F., Carpentier, R., <strong>Le Breton, A.<\/strong> (2018) <em>Tenacibaculum<\/em> infections in marine finfish aquaculture: recent evolution in clinical aspects and strain identification -impact on prophylactic methods. World Aquaculture Society (WAS) and European Aquaculture Society (EAS), Montpellier (France), 25-29 August 2018.<\/p>\n<p><strong>Le Breton, A<\/strong>. &amp; Carpentier, R. (2017) Advances identifying <em>Vibrio harveyi<\/em> by Maldi-Tof MS technology. 18th International Conference on Diseases of Fish and Shellfish, Belfast (United Kingdom) 4-8 September 2017.<\/p>\n<p>Factor sustaining the amplification of the parasitic infestation by myxosporidian Enteromyxum leei. Proceedings of the XIth International Conference on Diseases of Fish and Shellfish. EAFP Conference, Malta. (Sept 2003).<\/p>\n<p>Observation of segmented filamentous bacterium in the intestinal tract of farmed Sea Bream. Proceedings of the XIth International Conference on Diseases of Fish and Shellfish. EAFP Conference, Malta. (Sept 2003)<\/p>\n<p>Sea bass infection by <em>Enteromyxum leei<\/em> reared with infested Sea bream. The Journal of Eukaryotic Microbiology. 41st Annual Meeting (Sept 2002)<\/p>\n<p>Detection assay of <em>Enteromyxum leei<\/em> in farmed sea bream using a methodology based on 18S rRNA Gene. 4\u00e8me Biennale de Parasitologie et 41\u00e8me R\u00e9union du Groupement des Protistologues de Langue Fran\u00e7aise (March, 2002)<\/p>\n<p>Constraints standardising cohabitation challenge tests of vaccines against <em>Photobacterium damsela<\/em>. Proceedings of the IXth International Conference on Diseases of Fish and Shellfish. EAFP Conference, Rhodes (Greece) (Sept,1999)<\/p>\n<p>Endomicroparasitic infestation of cultured sea bass and bream: Economic Impact in the Maltese Islands. Proceedings of the IXth International Conference on Diseases of Fish and Shellfish. EAFP Conference, Rhodes (Greece). (Sept, 1999).<\/p>\n<p>Vaccination against <em>Photobacterium damsela<\/em> Laboratory evaluation efficacy and administration methods. Proceedings of the EAS Conference \u00ab\u00a0Aquaculture Europe99\u00a0\u00bb, Trondheim (Norway). (August, 1999).<\/p>\n<p>Marine Fin Fish Diseases: Recent European Developments. Developments. Proceedings of the WAS Conference \u00ab\u00a0World Aquaculture99\u00a0\u00bb, Sydney (Australia). (April, 1999).<\/p>\n<p>Evaluation of different methods of vaccination against Pasteurella piscicida on juvenile sea bream. Proceedings of the VIIIth International Conference on Diseases of Fish and Shellfish, Edinburgh (Scotland). (Sept, 1997).<\/p>\n<p>Viral Nervous Necrosis of sea bass: epidemiological data and prophylactic guideline. Proceedings of the VIIIth International Conference on Diseases of Fish and Shellfish, Edinburgh (Scotland). (Sept, 1997).<\/p>\n<p>An overview of the main infectious problems in cultured sea bass and sea bream: solutions? Proceedings of The International workshop on sea bass and sea bream culture: problems and prospects, E.A.S. Conference. Verona (Italy). 16-18 October 1996<\/p>\n<p>Trials and Challenges: problems and pitfalls. The International conference on Methods and Fish Research Disease, Aberdeen (Scotland) (Sept, 1996).<\/p>\n<p><strong>Le Breton, A.<\/strong> (1995) Field investigations on <em>Pasteurella piscicida<\/em> in Greece: detection, epidemiology, antibioresistance. In: Proceedings of the 7<sup>th<\/sup> International Conference Diseases of Fish and Shellfish (EAFP), Palma de Mallorca (Spain), 10-15 September 1995.<\/p>\n<p>A case report of Nocardial infection in sea bass <em>Dicentrarchus labrax<\/em> (21 April 1994) Proceedings of Pharmaq conference.<\/p>\n<p>Field trials against Vibriosis on sea <em>bass Dicentrarchus labrax<\/em> with an immersion and oral vaccine (5 Sept 1993) Proceedings of The Sixth EAFP International Conference of Fish and Shellfish.<\/p>\n<p><strong>Le Breton, A.<\/strong> (1990) <em>Macrobrachium rosenbergii<\/em>: produit d&rsquo; Aquaculture. Risque de non-qualit\u00e9 et moyen de contr\u00f4le (Sept, 1990) M\u00e9moire de C.E.S. d&rsquo;hygi\u00e8ne alimentaire.<\/p>\n<p><strong>Le Breton, A.<\/strong> (1989) Microflores associ\u00e9es \u00e0 \u00e9levages larvaires de <em>Dicentrarchus labrax.<\/em> Antibiotiqie sensibilit\u00e9. National Veterinary School Toulouse.<\/p>\n\n\t\t<\/div> \n\t<\/div> <div class=\"dfd-spacer-module\"  data-units=\"px\" data-wide_resolution=\"1280\" data-wide_size=\"105\" data-normal_resolution=\"1024\" data-normal_size=\"105\" data-tablet_resolution=\"800\" data-tablet_size=\"105\" data-mobile_resolution=\"480\" data-mobile_size=\"105\" style=\"height: 105px;\"><\/div><div class=\"dfd-spacer-module\"  data-units=\"px\" data-wide_resolution=\"1280\" data-wide_size=\"105\" data-normal_resolution=\"1024\" data-normal_size=\"105\" data-tablet_resolution=\"800\" data-tablet_size=\"105\" data-mobile_resolution=\"480\" data-mobile_size=\"105\" style=\"height: 105px;\"><\/div>\n\t\t<\/div> \n\t<\/div> <\/div><div class=\"dfd-row-bg-overlay\" style=\"opacity: 0.8;\"><\/div><\/div>\n<\/div>","protected":false},"excerpt":{"rendered":"Scientific publications Le Breton, A.\u00a0&amp;\u00a0Picon Camacho, S.\u00a0(2024) Technical guidelines on implementing biosecurity at the farm level in the United Arab Emirates. FAO Fisheries and\u00a0Aquaculture Circular. FAO Sub-Regional Office for the","protected":false},"author":1,"featured_media":0,"parent":0,"menu_order":0,"comment_status":"closed","ping_status":"closed","template":"","meta":{"footnotes":""},"class_list":["post-453","page","type-page","status-publish","hentry"],"_links":{"self":[{"href":"http:\/\/veteau.fr\/en\/wp-json\/wp\/v2\/pages\/453","targetHints":{"allow":["GET"]}}],"collection":[{"href":"http:\/\/veteau.fr\/en\/wp-json\/wp\/v2\/pages"}],"about":[{"href":"http:\/\/veteau.fr\/en\/wp-json\/wp\/v2\/types\/page"}],"author":[{"embeddable":true,"href":"http:\/\/veteau.fr\/en\/wp-json\/wp\/v2\/users\/1"}],"replies":[{"embeddable":true,"href":"http:\/\/veteau.fr\/en\/wp-json\/wp\/v2\/comments?post=453"}],"version-history":[{"count":5,"href":"http:\/\/veteau.fr\/en\/wp-json\/wp\/v2\/pages\/453\/revisions"}],"predecessor-version":[{"id":767,"href":"http:\/\/veteau.fr\/en\/wp-json\/wp\/v2\/pages\/453\/revisions\/767"}],"wp:attachment":[{"href":"http:\/\/veteau.fr\/en\/wp-json\/wp\/v2\/media?parent=453"}],"curies":[{"name":"wp","href":"https:\/\/api.w.org\/{rel}","templated":true}]}}